{"id":3543,"date":"2021-03-09T14:39:10","date_gmt":"2021-03-09T14:39:10","guid":{"rendered":"https:\/\/chsa.org.pl\/?page_id=3543"},"modified":"2021-03-09T15:07:46","modified_gmt":"2021-03-09T15:07:46","slug":"uncover","status":"publish","type":"page","link":"https:\/\/chsa.org.pl\/en\/uncover\/","title":{"rendered":"UNCOVER"},"content":{"rendered":"<div data-elementor-type=\"wp-page\" data-elementor-id=\"3543\" class=\"elementor elementor-3543\">\n\t\t\t\t\t\t<section class=\"elementor-section elementor-top-section elementor-element elementor-element-ab26c8c elementor-section-boxed elementor-section-height-default elementor-section-height-default\" data-id=\"ab26c8c\" data-element_type=\"section\" data-e-type=\"section\">\n\t\t\t\t\t\t<div class=\"elementor-container elementor-column-gap-default\">\n\t\t\t\t\t<div class=\"elementor-column elementor-col-100 elementor-top-column elementor-element elementor-element-9fa2c85\" data-id=\"9fa2c85\" data-element_type=\"column\" data-e-type=\"column\">\n\t\t\t<div class=\"elementor-widget-wrap elementor-element-populated\">\n\t\t\t\t\t\t<div class=\"elementor-element elementor-element-4bed8c6 elementor-widget elementor-widget-heading\" data-id=\"4bed8c6\" data-element_type=\"widget\" data-e-type=\"widget\" data-widget_type=\"heading.default\">\n\t\t\t\t<div class=\"elementor-widget-container\">\n\t\t\t\t\t<h2 class=\"elementor-heading-title elementor-size-xxl\">UNCOVER<\/h2>\t\t\t\t<\/div>\n\t\t\t\t<\/div>\n\t\t\t\t<div class=\"elementor-element elementor-element-f6ab6fe elementor-widget-divider--view-line elementor-widget elementor-widget-divider\" data-id=\"f6ab6fe\" data-element_type=\"widget\" data-e-type=\"widget\" data-widget_type=\"divider.default\">\n\t\t\t\t<div class=\"elementor-widget-container\">\n\t\t\t\t\t\t\t<div class=\"elementor-divider\">\n\t\t\t<span class=\"elementor-divider-separator\">\n\t\t\t\t\t\t<\/span>\n\t\t<\/div>\n\t\t\t\t\t\t<\/div>\n\t\t\t\t<\/div>\n\t\t\t\t\t<\/div>\n\t\t<\/div>\n\t\t\t\t\t<\/div>\n\t\t<\/section>\n\t\t\t\t<section class=\"elementor-section elementor-top-section elementor-element elementor-element-a9215d3 elementor-section-boxed elementor-section-height-default elementor-section-height-default\" data-id=\"a9215d3\" data-element_type=\"section\" data-e-type=\"section\">\n\t\t\t\t\t\t<div class=\"elementor-container elementor-column-gap-default\">\n\t\t\t\t\t<div class=\"elementor-column elementor-col-100 elementor-top-column elementor-element elementor-element-8d2e806\" data-id=\"8d2e806\" data-element_type=\"column\" data-e-type=\"column\">\n\t\t\t<div class=\"elementor-widget-wrap elementor-element-populated\">\n\t\t\t\t\t\t<section class=\"elementor-section elementor-inner-section elementor-element elementor-element-cc1c4c9 elementor-section-boxed elementor-section-height-default elementor-section-height-default\" data-id=\"cc1c4c9\" data-element_type=\"section\" data-e-type=\"section\">\n\t\t\t\t\t\t<div class=\"elementor-container elementor-column-gap-default\">\n\t\t\t\t\t<div class=\"elementor-column elementor-col-50 elementor-inner-column elementor-element elementor-element-7a164ad\" data-id=\"7a164ad\" data-element_type=\"column\" data-e-type=\"column\">\n\t\t\t<div class=\"elementor-widget-wrap elementor-element-populated\">\n\t\t\t\t\t\t<div class=\"elementor-element elementor-element-42c4137 elementor-widget elementor-widget-text-editor\" data-id=\"42c4137\" data-element_type=\"widget\" data-e-type=\"widget\" data-widget_type=\"text-editor.default\">\n\t\t\t\t<div class=\"elementor-widget-container\">\n\t\t\t\t\t\t\t\t\t<p>How much do you know about the most famous person in world history? If you haven't had a chance to dig into the biography of Jesus of Nazareth, written down by eyewitnesses of the events surrounding His life, it is now the right time!<\/p>\t\t\t\t\t\t\t\t<\/div>\n\t\t\t\t<\/div>\n\t\t\t\t\t<\/div>\n\t\t<\/div>\n\t\t\t\t<div class=\"elementor-column elementor-col-50 elementor-inner-column elementor-element elementor-element-7619a03\" data-id=\"7619a03\" data-element_type=\"column\" data-e-type=\"column\">\n\t\t\t<div class=\"elementor-widget-wrap elementor-element-populated\">\n\t\t\t\t\t\t<div class=\"elementor-element elementor-element-0081319 elementor-widget elementor-widget-text-editor\" data-id=\"0081319\" data-element_type=\"widget\" data-e-type=\"widget\" data-widget_type=\"text-editor.default\">\n\t\t\t\t<div class=\"elementor-widget-container\">\n\t\t\t\t\t\t\t\t\t<p><b>Discover the priceless message of Jesus Christ from the study of \"Uncover\" and share it with others.<\/b><\/p>\t\t\t\t\t\t\t\t<\/div>\n\t\t\t\t<\/div>\n\t\t\t\t\t<\/div>\n\t\t<\/div>\n\t\t\t\t\t<\/div>\n\t\t<\/section>\n\t\t\t\t<div class=\"elementor-element elementor-element-f344802 elementor-view-default elementor-widget elementor-widget-icon\" data-id=\"f344802\" data-element_type=\"widget\" data-e-type=\"widget\" data-widget_type=\"icon.default\">\n\t\t\t\t<div class=\"elementor-widget-container\">\n\t\t\t\t\t\t\t<div class=\"elementor-icon-wrapper\">\n\t\t\t<div class=\"elementor-icon\">\n\t\t\t<i aria-hidden=\"true\" class=\"fas fa-book-open\"><\/i>\t\t\t<\/div>\n\t\t<\/div>\n\t\t\t\t\t\t<\/div>\n\t\t\t\t<\/div>\n\t\t\t\t<div class=\"elementor-element elementor-element-05d29e8 elementor-widget elementor-widget-text-editor\" data-id=\"05d29e8\" data-element_type=\"widget\" data-e-type=\"widget\" data-widget_type=\"text-editor.default\">\n\t\t\t\t<div class=\"elementor-widget-container\">\n\t\t\t\t\t\t\t\t\t\"Uncover\" consists of 6 chapters with selected passages from the Gospel of John. Each chapter equips the reader with a broader historical context of the event, a contemporary scientific approach to the subject, as well as questions that help deepen the understanding of what Jesus wanted to communicate. The study \"Uncover\" gives a unique opportunity to explore not only the life of Jesus, but above all to know the purpose Jesus had on earth.\t\t\t\t\t\t\t\t<\/div>\n\t\t\t\t<\/div>\n\t\t\t\t\t<\/div>\n\t\t<\/div>\n\t\t\t\t\t<\/div>\n\t\t<\/section>\n\t\t\t\t<section class=\"elementor-section elementor-top-section elementor-element elementor-element-2b80dbe elementor-section-full_width elementor-section-stretched elementor-section-height-default elementor-section-height-default\" data-id=\"2b80dbe\" data-element_type=\"section\" data-e-type=\"section\" data-settings=\"{&quot;stretch_section&quot;:&quot;section-stretched&quot;,&quot;background_background&quot;:&quot;classic&quot;}\">\n\t\t\t\t\t\t<div class=\"elementor-container elementor-column-gap-default\">\n\t\t\t\t\t<div class=\"elementor-column elementor-col-100 elementor-top-column elementor-element elementor-element-e8baf88\" data-id=\"e8baf88\" data-element_type=\"column\" data-e-type=\"column\">\n\t\t\t<div class=\"elementor-widget-wrap elementor-element-populated\">\n\t\t\t\t\t\t<div class=\"elementor-element elementor-element-7c4b200 elementor-widget elementor-widget-text-editor\" data-id=\"7c4b200\" data-element_type=\"widget\" data-e-type=\"widget\" data-widget_type=\"text-editor.default\">\n\t\t\t\t<div class=\"elementor-widget-container\">\n\t\t\t\t\t\t\t\t\t<strong>You want to know more about <span style=\"color: #6EC1E4;\">Uncover<\/span> or to start a study group with friends?<\/strong>\t\t\t\t\t\t\t\t<\/div>\n\t\t\t\t<\/div>\n\t\t\t\t<div class=\"elementor-element elementor-element-336946f elementor-widget elementor-widget-text-editor\" data-id=\"336946f\" data-element_type=\"widget\" data-e-type=\"widget\" data-widget_type=\"text-editor.default\">\n\t\t\t\t<div class=\"elementor-widget-container\">\n\t\t\t\t\t\t\t\t\t<p><strong>Get in touch with us.<\/strong><br \/><strong>PHONE: 695 220 566<\/strong><br \/><strong>E-MAIL: <a href=\"mailto:biuro@chsa.org.pl\" target=\"_blank\" rel=\"noopener\">biuro@chsa.org.pl<\/a><\/strong><\/p>\t\t\t\t\t\t\t\t<\/div>\n\t\t\t\t<\/div>\n\t\t\t\t\t<\/div>\n\t\t<\/div>\n\t\t\t\t\t<\/div>\n\t\t<\/section>\n\t\t\t\t<\/div>","protected":false},"excerpt":{"rendered":"<p>UNCOVER Jak du\u017co wiesz o najbardziej znanej osobie w historii \u015bwiata? Je\u015bli nie mia\u0142e\u015b jeszcze okazji wg\u0142\u0119bi\u0107 si\u0119 w biografi\u0119 Jezusa z Nazaretu, przedstawion\u0105 przez naocznego [&hellip;]<\/p>\n","protected":false},"author":7,"featured_media":0,"parent":0,"menu_order":0,"comment_status":"closed","ping_status":"closed","template":"","meta":{"footnotes":""},"class_list":["post-3543","page","type-page","status-publish","hentry"],"aioseo_notices":[],"_links":{"self":[{"href":"https:\/\/chsa.org.pl\/en\/wp-json\/wp\/v2\/pages\/3543","targetHints":{"allow":["GET"]}}],"collection":[{"href":"https:\/\/chsa.org.pl\/en\/wp-json\/wp\/v2\/pages"}],"about":[{"href":"https:\/\/chsa.org.pl\/en\/wp-json\/wp\/v2\/types\/page"}],"author":[{"embeddable":true,"href":"https:\/\/chsa.org.pl\/en\/wp-json\/wp\/v2\/users\/7"}],"replies":[{"embeddable":true,"href":"https:\/\/chsa.org.pl\/en\/wp-json\/wp\/v2\/comments?post=3543"}],"version-history":[{"count":15,"href":"https:\/\/chsa.org.pl\/en\/wp-json\/wp\/v2\/pages\/3543\/revisions"}],"predecessor-version":[{"id":3562,"href":"https:\/\/chsa.org.pl\/en\/wp-json\/wp\/v2\/pages\/3543\/revisions\/3562"}],"wp:attachment":[{"href":"https:\/\/chsa.org.pl\/en\/wp-json\/wp\/v2\/media?parent=3543"}],"curies":[{"name":"wp","href":"https:\/\/api.w.org\/{rel}","templated":true}]}}