{"id":3563,"date":"2021-03-09T15:08:12","date_gmt":"2021-03-09T15:08:12","guid":{"rendered":"https:\/\/chsa.org.pl\/?page_id=3563"},"modified":"2023-11-15T09:07:48","modified_gmt":"2023-11-15T09:07:48","slug":"mark-drama","status":"publish","type":"page","link":"https:\/\/chsa.org.pl\/en\/mark-drama\/","title":{"rendered":"THE MARK DRAMA"},"content":{"rendered":"<div data-elementor-type=\"wp-page\" data-elementor-id=\"3563\" class=\"elementor elementor-3563\">\n\t\t\t\t\t\t<section class=\"elementor-section elementor-top-section elementor-element elementor-element-ab26c8c elementor-section-boxed elementor-section-height-default elementor-section-height-default\" data-id=\"ab26c8c\" data-element_type=\"section\" data-e-type=\"section\">\n\t\t\t\t\t\t<div class=\"elementor-container elementor-column-gap-default\">\n\t\t\t\t\t<div class=\"elementor-column elementor-col-100 elementor-top-column elementor-element elementor-element-9fa2c85\" data-id=\"9fa2c85\" data-element_type=\"column\" data-e-type=\"column\">\n\t\t\t<div class=\"elementor-widget-wrap elementor-element-populated\">\n\t\t\t\t\t\t<div class=\"elementor-element elementor-element-4bed8c6 elementor-widget elementor-widget-heading\" data-id=\"4bed8c6\" data-element_type=\"widget\" data-e-type=\"widget\" data-widget_type=\"heading.default\">\n\t\t\t\t<div class=\"elementor-widget-container\">\n\t\t\t\t\t<h2 class=\"elementor-heading-title elementor-size-xxl\">THE MARK DRAMA<\/h2>\t\t\t\t<\/div>\n\t\t\t\t<\/div>\n\t\t\t\t<div class=\"elementor-element elementor-element-f6ab6fe elementor-widget-divider--view-line elementor-widget elementor-widget-divider\" data-id=\"f6ab6fe\" data-element_type=\"widget\" data-e-type=\"widget\" data-widget_type=\"divider.default\">\n\t\t\t\t<div class=\"elementor-widget-container\">\n\t\t\t\t\t\t\t<div class=\"elementor-divider\">\n\t\t\t<span class=\"elementor-divider-separator\">\n\t\t\t\t\t\t<\/span>\n\t\t<\/div>\n\t\t\t\t\t\t<\/div>\n\t\t\t\t<\/div>\n\t\t\t\t\t<\/div>\n\t\t<\/div>\n\t\t\t\t\t<\/div>\n\t\t<\/section>\n\t\t\t\t<section class=\"elementor-section elementor-top-section elementor-element elementor-element-a9215d3 elementor-section-boxed elementor-section-height-default elementor-section-height-default\" data-id=\"a9215d3\" data-element_type=\"section\" data-e-type=\"section\">\n\t\t\t\t\t\t<div class=\"elementor-container elementor-column-gap-default\">\n\t\t\t\t\t<div class=\"elementor-column elementor-col-100 elementor-top-column elementor-element elementor-element-8d2e806\" data-id=\"8d2e806\" data-element_type=\"column\" data-e-type=\"column\">\n\t\t\t<div class=\"elementor-widget-wrap elementor-element-populated\">\n\t\t\t\t\t\t<section class=\"elementor-section elementor-inner-section elementor-element elementor-element-cc1c4c9 elementor-section-boxed elementor-section-height-default elementor-section-height-default\" data-id=\"cc1c4c9\" data-element_type=\"section\" data-e-type=\"section\">\n\t\t\t\t\t\t<div class=\"elementor-container elementor-column-gap-default\">\n\t\t\t\t\t<div class=\"elementor-column elementor-col-50 elementor-inner-column elementor-element elementor-element-7a164ad\" data-id=\"7a164ad\" data-element_type=\"column\" data-e-type=\"column\">\n\t\t\t<div class=\"elementor-widget-wrap elementor-element-populated\">\n\t\t\t\t\t\t<div class=\"elementor-element elementor-element-42c4137 elementor-widget elementor-widget-text-editor\" data-id=\"42c4137\" data-element_type=\"widget\" data-e-type=\"widget\" data-widget_type=\"text-editor.default\">\n\t\t\t\t<div class=\"elementor-widget-container\">\n\t\t\t\t\t\t\t\t\t<p>Many students are not interested in reading the Bible. They think it is irrelevant or old-fashioned and the Bible is unreliable. But it is through the Scriptures that we learn about Jesus and get to know Him. How can we make it easier for students to encounter Jesus and the Bible? Mark Drama is one of the answers to that question! Students invite their friends to come and see a performance about the life of Jesus from the Gospel of Mark.<\/p>\t\t\t\t\t\t\t\t<\/div>\n\t\t\t\t<\/div>\n\t\t\t\t\t<\/div>\n\t\t<\/div>\n\t\t\t\t<div class=\"elementor-column elementor-col-50 elementor-inner-column elementor-element elementor-element-7619a03\" data-id=\"7619a03\" data-element_type=\"column\" data-e-type=\"column\">\n\t\t\t<div class=\"elementor-widget-wrap elementor-element-populated\">\n\t\t\t\t\t\t<div class=\"elementor-element elementor-element-0081319 elementor-widget elementor-widget-text-editor\" data-id=\"0081319\" data-element_type=\"widget\" data-e-type=\"widget\" data-widget_type=\"text-editor.default\">\n\t\t\t\t<div class=\"elementor-widget-container\">\n\t\t\t\t\t\t\t\t\t<div class=\"desc_wrapper\"><div class=\"number-wrapper\"><span class=\"label prefix\">Mark's Gospel in<\/span><\/div><\/div>\t\t\t\t\t\t\t\t<\/div>\n\t\t\t\t<\/div>\n\t\t\t\t<div class=\"elementor-element elementor-element-0e810fd elementor-widget elementor-widget-counter\" data-id=\"0e810fd\" data-element_type=\"widget\" data-e-type=\"widget\" data-widget_type=\"counter.default\">\n\t\t\t\t<div class=\"elementor-widget-container\">\n\t\t\t\t\t\t\t<div class=\"elementor-counter\">\n\t\t\t<div class=\"elementor-counter-title\">minutes<\/div>\t\t\t<div class=\"elementor-counter-number-wrapper\">\n\t\t\t\t<span class=\"elementor-counter-number-prefix\"><\/span>\n\t\t\t\t<span class=\"elementor-counter-number\" data-duration=\"1500\" data-to-value=\"90\" data-from-value=\"0\">0<\/span>\n\t\t\t\t<span class=\"elementor-counter-number-suffix\"><\/span>\n\t\t\t<\/div>\n\t\t<\/div>\n\t\t\t\t\t\t<\/div>\n\t\t\t\t<\/div>\n\t\t\t\t<div class=\"elementor-element elementor-element-a7d1d50 elementor-view-default elementor-widget elementor-widget-icon\" data-id=\"a7d1d50\" data-element_type=\"widget\" data-e-type=\"widget\" data-widget_type=\"icon.default\">\n\t\t\t\t<div class=\"elementor-widget-container\">\n\t\t\t\t\t\t\t<div class=\"elementor-icon-wrapper\">\n\t\t\t<div class=\"elementor-icon\">\n\t\t\t<i aria-hidden=\"true\" class=\"fas fa-clock\"><\/i>\t\t\t<\/div>\n\t\t<\/div>\n\t\t\t\t\t\t<\/div>\n\t\t\t\t<\/div>\n\t\t\t\t\t<\/div>\n\t\t<\/div>\n\t\t\t\t\t<\/div>\n\t\t<\/section>\n\t\t\t\t<div class=\"elementor-element elementor-element-05d29e8 elementor-widget elementor-widget-text-editor\" data-id=\"05d29e8\" data-element_type=\"widget\" data-e-type=\"widget\" data-widget_type=\"text-editor.default\">\n\t\t\t\t<div class=\"elementor-widget-container\">\n\t\t\t\t\t\t\t\t\t<p>Mark Drama is an innovative show about the Gospel of Mark, with no costumes, props or professionals. Almost every event in Mark's Gospel is presented. And as in this Gospel, the action is dynamic, everything happens quickly. The remarkable thing is that during the performance, the audience will hear almost all of Jesus' words recorded in the Gospel of Mark. So it is a very powerful experience, both for Christians and those who seek God and are willing to reflect on Christianity.<\/p>\t\t\t\t\t\t\t\t<\/div>\n\t\t\t\t<\/div>\n\t\t\t\t<div class=\"elementor-element elementor-element-64d8365 elementor-view-default elementor-widget elementor-widget-icon\" data-id=\"64d8365\" data-element_type=\"widget\" data-e-type=\"widget\" data-widget_type=\"icon.default\">\n\t\t\t\t<div class=\"elementor-widget-container\">\n\t\t\t\t\t\t\t<div class=\"elementor-icon-wrapper\">\n\t\t\t<div class=\"elementor-icon\">\n\t\t\t<i aria-hidden=\"true\" class=\"fas fa-quote-right\"><\/i>\t\t\t<\/div>\n\t\t<\/div>\n\t\t\t\t\t\t<\/div>\n\t\t\t\t<\/div>\n\t\t\t\t<div class=\"elementor-element elementor-element-89946a9 elementor-widget elementor-widget-testimonial\" data-id=\"89946a9\" data-element_type=\"widget\" data-e-type=\"widget\" data-widget_type=\"testimonial.default\">\n\t\t\t\t<div class=\"elementor-widget-container\">\n\t\t\t\t\t\t\t<div class=\"elementor-testimonial-wrapper\">\n\t\t\t\t\t\t\t<div class=\"elementor-testimonial-content\">A small circle-shaped stage in the center of the audience, actors moving between the viewers, interacting with them, no costumes and set design - all this made everyone present in the room feel as if they were participating in the events from more than 2,000 years ago. The performance was extremely vivid and moving, it evoked violent emotions in the audience. One of the most powerful scenes was when Jesus was condemned to death. From the outside, actors surrounded the audience and shouted: \"Crucify him!\" It was impossible to avoid the realization that we, too, were guilty of His death. But not only fear, terror and tears of sadness accompanied viewers during \"Mark Drama\". The room was often shaken by bursts of laughter caused by the clumsy behavior of simple, little understanding students. And I think that \"life\", \"humanity\", \"normality\" of the characters were skillfully played - both for Jesus and other heroes - their resemblance to us is one of the greatest advantages of the performance.<\/div>\n\t\t\t\n\t\t\t\t\t\t<div class=\"elementor-testimonial-meta\">\n\t\t\t\t<div class=\"elementor-testimonial-meta-inner\">\n\t\t\t\t\t\n\t\t\t\t\t\t\t\t\t\t<div class=\"elementor-testimonial-details\">\n\t\t\t\t\t\t\t\t\t\t\t\t\t\t<div class=\"elementor-testimonial-name\">Karolina<\/div>\n\t\t\t\t\t\t\t\t\t\t\t\t\t\t\t\t\t\t\t<\/div>\n\t\t\t\t\t\t\t\t\t<\/div>\n\t\t\t<\/div>\n\t\t\t\t\t<\/div>\n\t\t\t\t\t\t<\/div>\n\t\t\t\t<\/div>\n\t\t\t\t\t<\/div>\n\t\t<\/div>\n\t\t\t\t\t<\/div>\n\t\t<\/section>\n\t\t\t\t<section class=\"elementor-section elementor-top-section elementor-element elementor-element-2b80dbe elementor-section-full_width elementor-section-stretched elementor-section-height-default elementor-section-height-default\" data-id=\"2b80dbe\" data-element_type=\"section\" data-e-type=\"section\" data-settings=\"{&quot;stretch_section&quot;:&quot;section-stretched&quot;,&quot;background_background&quot;:&quot;classic&quot;}\">\n\t\t\t\t\t\t<div class=\"elementor-container elementor-column-gap-default\">\n\t\t\t\t\t<div class=\"elementor-column elementor-col-100 elementor-top-column elementor-element elementor-element-e8baf88\" data-id=\"e8baf88\" data-element_type=\"column\" data-e-type=\"column\">\n\t\t\t<div class=\"elementor-widget-wrap elementor-element-populated\">\n\t\t\t\t\t\t<div class=\"elementor-element elementor-element-7c4b200 elementor-widget elementor-widget-text-editor\" data-id=\"7c4b200\" data-element_type=\"widget\" data-e-type=\"widget\" data-widget_type=\"text-editor.default\">\n\t\t\t\t<div class=\"elementor-widget-container\">\n\t\t\t\t\t\t\t\t\t<p><strong>You want ChSA to organize <span style=\"color: #6ec1e4;\">the Mark Drama<\/span> in your city?<\/strong><\/p><p><script src=\"moz-extension:\/\/f00e3353-56ea-4d02-b9c9-3ddc5fc86b0a\/js\/app.js\" type=\"text\/javascript\"><\/script><\/p><p><script src=\"moz-extension:\/\/f00e3353-56ea-4d02-b9c9-3ddc5fc86b0a\/js\/app.js\" type=\"text\/javascript\"><\/script><\/p>\t\t\t\t\t\t\t\t<\/div>\n\t\t\t\t<\/div>\n\t\t\t\t<div class=\"elementor-element elementor-element-336946f elementor-widget elementor-widget-text-editor\" data-id=\"336946f\" data-element_type=\"widget\" data-e-type=\"widget\" data-widget_type=\"text-editor.default\">\n\t\t\t\t<div class=\"elementor-widget-container\">\n\t\t\t\t\t\t\t\t\t<p><strong>Get in touch with us.<\/strong><br \/><strong>TELEFON: 695 220 566<\/strong><br \/><strong>E-MAIL:<a href=\"mailto:rafal@chsa.org.pl\" target=\"_blank\" rel=\"noopener\"> biuro@chsa.org.pl<\/a><\/strong><\/p><p><script src=\"moz-extension:\/\/f00e3353-56ea-4d02-b9c9-3ddc5fc86b0a\/js\/app.js\" type=\"text\/javascript\"><\/script><\/p>\t\t\t\t\t\t\t\t<\/div>\n\t\t\t\t<\/div>\n\t\t\t\t\t<\/div>\n\t\t<\/div>\n\t\t\t\t\t<\/div>\n\t\t<\/section>\n\t\t\t\t<\/div>","protected":false},"excerpt":{"rendered":"<p>MARK DRAMA Wielu student\u00f3w nie jest zainteresowanych czytaniem Biblii. Uwa\u017caj\u0105, \u017ce jest to nieistotne lub staromodne, a Biblia jest niewiarygodna. Ale w\u0142a\u015bnie poprzez Pismo \u015awi\u0119te my [&hellip;]<\/p>\n","protected":false},"author":7,"featured_media":0,"parent":0,"menu_order":0,"comment_status":"closed","ping_status":"closed","template":"","meta":{"footnotes":""},"class_list":["post-3563","page","type-page","status-publish","hentry"],"aioseo_notices":[],"_links":{"self":[{"href":"https:\/\/chsa.org.pl\/en\/wp-json\/wp\/v2\/pages\/3563","targetHints":{"allow":["GET"]}}],"collection":[{"href":"https:\/\/chsa.org.pl\/en\/wp-json\/wp\/v2\/pages"}],"about":[{"href":"https:\/\/chsa.org.pl\/en\/wp-json\/wp\/v2\/types\/page"}],"author":[{"embeddable":true,"href":"https:\/\/chsa.org.pl\/en\/wp-json\/wp\/v2\/users\/7"}],"replies":[{"embeddable":true,"href":"https:\/\/chsa.org.pl\/en\/wp-json\/wp\/v2\/comments?post=3563"}],"version-history":[{"count":13,"href":"https:\/\/chsa.org.pl\/en\/wp-json\/wp\/v2\/pages\/3563\/revisions"}],"predecessor-version":[{"id":4025,"href":"https:\/\/chsa.org.pl\/en\/wp-json\/wp\/v2\/pages\/3563\/revisions\/4025"}],"wp:attachment":[{"href":"https:\/\/chsa.org.pl\/en\/wp-json\/wp\/v2\/media?parent=3563"}],"curies":[{"name":"wp","href":"https:\/\/api.w.org\/{rel}","templated":true}]}}